{"id":1338,"date":"2020-12-28T20:04:20","date_gmt":"2020-12-28T19:04:20","guid":{"rendered":"http:\/\/www.est-solutions.at\/?page_id=1338"},"modified":"2021-07-29T15:09:06","modified_gmt":"2021-07-29T13:09:06","slug":"est-impressum","status":"publish","type":"page","link":"https:\/\/www.est-solutions.at\/en\/est-impressum\/","title":{"rendered":"Imprint"},"content":{"rendered":"<div data-elementor-type=\"wp-page\" data-elementor-id=\"1338\" class=\"elementor elementor-1338\">\n\t\t\t\t\t\t<div class=\"elementor-inner\">\n\t\t\t\t<div class=\"elementor-section-wrap\">\n\t\t\t\t\t\t\t\t\t<section class=\"elementor-section elementor-top-section elementor-element elementor-element-4e39a73 elementor-section-boxed elementor-section-height-default elementor-section-height-default\" data-id=\"4e39a73\" data-element_type=\"section\" data-settings=\"{&quot;background_background&quot;:&quot;classic&quot;}\">\n\t\t\t\t\t\t\t<div class=\"elementor-background-overlay\"><\/div>\n\t\t\t\t\t\t\t<div class=\"elementor-container elementor-column-gap-no\">\n\t\t\t\t\t\t\t<div class=\"elementor-row\">\n\t\t\t\t\t<div class=\"elementor-column elementor-col-100 elementor-top-column elementor-element elementor-element-35278da\" data-id=\"35278da\" data-element_type=\"column\">\n\t\t\t<div class=\"elementor-column-wrap elementor-element-populated\">\n\t\t\t\t\t\t\t<div class=\"elementor-widget-wrap\">\n\t\t\t\t\t\t<div class=\"elementor-element elementor-element-791f3c0 elementor-widget elementor-widget-heading\" data-id=\"791f3c0\" data-element_type=\"widget\" data-widget_type=\"heading.default\">\n\t\t\t\t<div class=\"elementor-widget-container\">\n\t\t\t<h1 class=\"elementor-heading-title elementor-size-default\">Imprint<\/h1>\t\t<\/div>\n\t\t\t\t<\/div>\n\t\t\t\t\t\t<\/div>\n\t\t\t\t\t<\/div>\n\t\t<\/div>\n\t\t\t\t\t\t\t\t<\/div>\n\t\t\t\t\t<\/div>\n\t\t<\/section>\n\t\t\t\t<section class=\"elementor-section elementor-top-section elementor-element elementor-element-973674b elementor-section-boxed elementor-section-height-default elementor-section-height-default\" data-id=\"973674b\" data-element_type=\"section\">\n\t\t\t\t\t\t<div class=\"elementor-container elementor-column-gap-default\">\n\t\t\t\t\t\t\t<div class=\"elementor-row\">\n\t\t\t\t\t<div class=\"elementor-column elementor-col-66 elementor-top-column elementor-element elementor-element-790dafd\" data-id=\"790dafd\" data-element_type=\"column\">\n\t\t\t<div class=\"elementor-column-wrap elementor-element-populated\">\n\t\t\t\t\t\t\t<div class=\"elementor-widget-wrap\">\n\t\t\t\t\t\t<div class=\"elementor-element elementor-element-edadfe9 elementor-widget elementor-widget-text-editor\" data-id=\"edadfe9\" data-element_type=\"widget\" data-widget_type=\"text-editor.default\">\n\t\t\t\t<div class=\"elementor-widget-container\">\n\t\t\t\t\t\t\t\t<div class=\"elementor-text-editor elementor-clearfix\">\n\t\t\t\t<h1 data-fontsize=\"34\" data-lineheight=\"46px\"><span style=\"font-size: 4.2666666666667rem; font-weight: 700; text-transform: inherit;\"><br><\/span><\/h1>\n<h1 data-fontsize=\"34\" data-lineheight=\"46px\"><span style=\"font-size: 4.2666666666667rem; font-weight: 700; text-transform: inherit;\">Imprint<\/span><span style=\"font-weight: 700; text-transform: inherit; font-size: 15px; color: var( --e-global-color-text ); font-family: Lato, sans-serif;\">&nbsp;<\/span><br><\/h1>\n<div>&nbsp;<\/div>\n<p>Informationspflicht laut \u00a75 E-Commerce Gesetz, \u00a714 Unternehmensgesetzbuch, \u00a763 Gewerbeordnung und Offenlegungspflicht laut \u00a725 Mediengesetz.<\/p>\n<p>EST Solutions GmbH<br>Agnesgasse 17A&nbsp;<br>1190 Vienna<br>\u00d6sterreich<\/p>\n<p><strong>Unternehmensgegenstand:<\/strong> IT Dienstleistungen und individuelle Software L\u00f6sungen<br><strong>UID-Nummer:<\/strong> ATU67887469<br><strong>Firmenbuchnummer:<\/strong> FN 394876a<br><strong>Firmenbuchgericht:<\/strong> Wien<br><strong>Firmensitz:<\/strong> 1190 Vienna<\/p>\n<p><strong>Tel.:<\/strong>&nbsp;+4369910293365<br><strong>E-Mail:<\/strong> <a href=\"mailto:office@%E2%80%8Best-solutions.at\">office@est-solutions.at<\/a><\/p>\n<p><strong>Mitglied bei:<\/strong> WKO<br><strong>Berufsrecht:<\/strong> Gewerbeordnung: www.ris.bka.gv.at<\/p>\n<p><strong>Aufsichtsbeh\u00f6rde\/Gewerbebeh\u00f6rde:<\/strong> Bezirkshauptmannschaft Wien<br><strong>Berufsbezeichnung:<\/strong> IT Dienstleistung<br><strong>Verleihungsstaat:<\/strong> \u00d6sterreich<\/p>\n<p><strong>Gesch\u00e4ftsf\u00fchrer<\/strong><br>Engelbert Stritzl<\/p>\n<p><strong>Beteiligungsverh\u00e4ltnisse<\/strong><br>Gesch\u00e4ftsf\u00fchrer Herr Stritzl Engelbert Privatperson alleinvertretungsberechtigt<br>Gesellschafter Herr Stritzl Engelbert Privatperson Anteil: 100,00%<\/p>\n<p>Quelle: Erstellt&nbsp;mit dem <a title=\"Impressum Generator von firmenwebseiten.at\" href=\"https:\/\/www.firmenwebseiten.at\/impressum-generator\/\" target=\"_blank\" rel=\"follow noopener\">Impressum Generator<\/a> von firmenwebseiten.at&nbsp;in Kooperation mit <a title=\"\" href=\"https:\/\/www.aboutbusiness.at\/\" target=\"_blank\" rel=\"follow noopener\">aboutbusiness.at<\/a><\/p>\n<h2 data-fontsize=\"27\" data-lineheight=\"39px\">EU-Streitschlichtung<\/h2>\n<p>Gem\u00e4\u00df Verordnung \u00fcber Online-Streitbeilegung in Verbraucherangelegenheiten (ODR-Verordnung) m\u00f6chten wir Sie \u00fcber die Online-Streitbeilegungsplattform (OS-Plattform) informieren.<br>Verbraucher haben die M\u00f6glichkeit, Beschwerden an die Online Streitbeilegungsplattform der Europ\u00e4ischen Kommission unter <a href=\"https:\/\/ec.europa.eu\/consumers\/odr\/main\/index.cfm?event=main.home2.show&amp;lng=DE\" target=\"_blank\" rel=\"nofollow noopener\">http:\/\/ec.europa.eu\/odr?tid=221139049<\/a> zu richten. Die daf\u00fcr notwendigen Kontaktdaten finden Sie oberhalb in unserem Impressum.<\/p>\n<p>Wir m\u00f6chten Sie jedoch darauf hinweisen, dass wir nicht bereit oder verpflichtet sind, an Streitbeilegungsverfahren vor einer Verbraucherschlichtungsstelle teilzunehmen.<\/p>\n<h2 data-fontsize=\"27\" data-lineheight=\"39px\">Haftung f\u00fcr Inhalte dieser Webseite<\/h2>\n<p>Wir entwickeln die Inhalte dieser Webseite st\u00e4ndig weiter und bem\u00fchen uns korrekte und aktuelle Informationen bereitzustellen. Leider k\u00f6nnen wir keine Haftung f\u00fcr die Korrektheit aller Inhalte auf dieser Webseite \u00fcbernehmen, speziell f\u00fcr jene die seitens Dritter bereitgestellt wurden.<\/p>\n<p>Sollten Ihnen problematische oder rechtswidrige Inhalte auffallen, bitten wir Sie uns umgehend zu kontaktieren, Sie finden die Kontaktdaten im Impressum.<\/p>\n<h2 data-fontsize=\"27\" data-lineheight=\"39px\">Haftung f\u00fcr Links auf dieser Webseite<\/h2>\n<p>Unsere Webseite enth\u00e4lt Links zu anderen Webseiten f\u00fcr deren Inhalt wir nicht verantwortlich sind. Haftung f\u00fcr verlinkte Websites besteht laut <br><a href=\"https:\/\/www.ris.bka.gv.at\/Dokument.wxe?Abfrage=Bundesnormen&amp;Dokumentnummer=NOR40025813&amp;tid=221139049\" target=\"_blank\" rel=\"noopener nofollow\">\u00a7 17 ECG<\/a> f\u00fcr uns nicht, da wir keine Kenntnis rechtswidriger T\u00e4tigkeiten hatten und haben, uns solche Rechtswidrigkeiten auch bisher nicht aufgefallen sind und wir Links sofort entfernen w\u00fcrden, wenn uns Rechtswidrigkeiten bekannt werden.<\/p>\n<p>Wenn Ihnen rechtswidrige Links auf unserer Website auffallen, bitten wir Sie uns zu kontaktieren, Sie finden die Kontaktdaten im Impressum.<\/p>\n<h2 data-fontsize=\"27\" data-lineheight=\"39px\">Urheberrechtshinweis<\/h2>\n<p>Alle Inhalte dieser Webseite (Bilder, Fotos, Texte, Videos) unterliegen dem Urheberrecht. Falls notwendig, werden wir die unerlaubte Nutzung von Teilen der Inhalte unserer Seite rechtlich verfolgen.<\/p>\n<h2 data-fontsize=\"27\" data-lineheight=\"39px\">Bildernachweis<\/h2>\n<p>Die Bilder, Fotos und Grafiken auf dieser Webseite sind urheberrechtlich gesch\u00fctzt.<\/p>\n<p>Die Bilderrechte liegen bei den folgenden Fotografen und Unternehmen: Nicht lizenzrechtlich gesch\u00fctzte Bilder durch Bilderdatenbanken&nbsp;<\/p>\n<ul>\n<li>ASTRA&nbsp;<\/li>\n<li>Freestock&nbsp;<\/li>\n<li>Pexels<\/li>\n<li>Unsplash<\/li>\n<li>Freepik&nbsp;<\/li>\n<\/ul>\t\t\t\t\t<\/div>\n\t\t\t\t\t\t<\/div>\n\t\t\t\t<\/div>\n\t\t\t\t\t\t<\/div>\n\t\t\t\t\t<\/div>\n\t\t<\/div>\n\t\t\t\t<div class=\"elementor-column elementor-col-33 elementor-top-column elementor-element elementor-element-3db945f\" data-id=\"3db945f\" data-element_type=\"column\">\n\t\t\t<div class=\"elementor-column-wrap\">\n\t\t\t\t\t\t\t<div class=\"elementor-widget-wrap\">\n\t\t\t\t\t\t\t\t<\/div>\n\t\t\t\t\t<\/div>\n\t\t<\/div>\n\t\t\t\t\t\t\t\t<\/div>\n\t\t\t\t\t<\/div>\n\t\t<\/section>\n\t\t\t\t\t\t\t\t\t<\/div>\n\t\t\t<\/div>\n\t\t\t\t\t<\/div>","protected":false},"excerpt":{"rendered":"<p>Impressum Impressum&nbsp; &nbsp; Informationspflicht laut \u00a75 E-Commerce Gesetz, \u00a714 Unternehmensgesetzbuch, \u00a763 Gewerbeordnung und Offenlegungspflicht laut \u00a725 Mediengesetz. EST Solutions GmbHAgnesgasse 17A&nbsp;1190 Wien\u00d6sterreich Unternehmensgegenstand: IT Dienstleistungen und individuelle Software L\u00f6sungenUID-Nummer: ATU67887469Firmenbuchnummer: FN 394876aFirmenbuchgericht: WienFirmensitz: 1190 Wien Tel.:&nbsp;+4369910293365E-Mail: office@est-solutions.at Mitglied bei: WKOBerufsrecht: Gewerbeordnung: www.ris.bka.gv.at Aufsichtsbeh\u00f6rde\/Gewerbebeh\u00f6rde: Bezirkshauptmannschaft WienBerufsbezeichnung: IT DienstleistungVerleihungsstaat: \u00d6sterreich Gesch\u00e4ftsf\u00fchrerEngelbert Stritzl Beteiligungsverh\u00e4ltnisseGesch\u00e4ftsf\u00fchrer Herr Stritzl Engelbert Privatperson &hellip;<\/p>\n<p class=\"read-more\"> <a class=\"\" href=\"https:\/\/www.est-solutions.at\/en\/est-impressum\/\"> <span class=\"screen-reader-text\">Imprint<\/span> Read More \u00bb<\/a><\/p>","protected":false},"author":3,"featured_media":0,"parent":0,"menu_order":6,"comment_status":"closed","ping_status":"closed","template":"","meta":{"site-sidebar-layout":"no-sidebar","site-content-layout":"page-builder","ast-main-header-display":"","ast-hfb-above-header-display":"","ast-hfb-below-header-display":"","ast-hfb-mobile-header-display":"","site-post-title":"disabled","ast-breadcrumbs-content":"","ast-featured-img":"disabled","footer-sml-layout":"","theme-transparent-header-meta":"default","adv-header-id-meta":"","stick-header-meta":"default","header-above-stick-meta":"","header-main-stick-meta":"","header-below-stick-meta":""},"yoast_head":"<!-- This site is optimized with the Yoast SEO plugin v19.4 - https:\/\/yoast.com\/wordpress\/plugins\/seo\/ -->\n<title>Impressum &ndash; EST Solutions<\/title>\n<meta name=\"robots\" content=\"index, follow, max-snippet:-1, max-image-preview:large, max-video-preview:-1\" \/>\n<link rel=\"canonical\" href=\"https:\/\/www.est-solutions.at\/en\/est-impressum\/\" \/>\n<meta property=\"og:locale\" content=\"en_GB\" \/>\n<meta property=\"og:type\" content=\"article\" \/>\n<meta property=\"og:title\" content=\"Impressum &ndash; EST Solutions\" \/>\n<meta property=\"og:description\" content=\"Impressum Impressum&nbsp; &nbsp; Informationspflicht laut \u00a75 E-Commerce Gesetz, \u00a714 Unternehmensgesetzbuch, \u00a763 Gewerbeordnung und Offenlegungspflicht laut \u00a725 Mediengesetz. EST Solutions GmbHAgnesgasse 17A&nbsp;1190 Wien\u00d6sterreich Unternehmensgegenstand: IT Dienstleistungen und individuelle Software L\u00f6sungenUID-Nummer: ATU67887469Firmenbuchnummer: FN 394876aFirmenbuchgericht: WienFirmensitz: 1190 Wien Tel.:&nbsp;+4369910293365E-Mail: office@est-solutions.at Mitglied bei: WKOBerufsrecht: Gewerbeordnung: www.ris.bka.gv.at Aufsichtsbeh\u00f6rde\/Gewerbebeh\u00f6rde: Bezirkshauptmannschaft WienBerufsbezeichnung: IT DienstleistungVerleihungsstaat: \u00d6sterreich Gesch\u00e4ftsf\u00fchrerEngelbert Stritzl Beteiligungsverh\u00e4ltnisseGesch\u00e4ftsf\u00fchrer Herr Stritzl Engelbert Privatperson &hellip; Impressum Read More \u00bb\" \/>\n<meta property=\"og:url\" content=\"https:\/\/www.est-solutions.at\/en\/est-impressum\/\" \/>\n<meta property=\"og:site_name\" content=\"EST Solutions\" \/>\n<meta property=\"article:modified_time\" content=\"2021-07-29T13:09:06+00:00\" \/>\n<meta name=\"twitter:card\" content=\"summary_large_image\" \/>\n<meta name=\"twitter:label1\" content=\"Estimated reading time\" \/>\n\t<meta name=\"twitter:data1\" content=\"2 minutes\" \/>\n<script type=\"application\/ld+json\" class=\"yoast-schema-graph\">{\"@context\":\"https:\/\/schema.org\",\"@graph\":[{\"@type\":\"Organization\",\"@id\":\"https:\/\/www.est-solutions.at\/#organization\",\"name\":\"EST Solutions\",\"url\":\"https:\/\/www.est-solutions.at\/\",\"sameAs\":[],\"logo\":{\"@type\":\"ImageObject\",\"inLanguage\":\"en-GB\",\"@id\":\"https:\/\/www.est-solutions.at\/#\/schema\/logo\/image\/\",\"url\":\"https:\/\/www.est-solutions.at\/wp-content\/uploads\/2021\/04\/EST_S_Logo-01.jpg\",\"contentUrl\":\"https:\/\/www.est-solutions.at\/wp-content\/uploads\/2021\/04\/EST_S_Logo-01.jpg\",\"width\":500,\"height\":350,\"caption\":\"EST Solutions\"},\"image\":{\"@id\":\"https:\/\/www.est-solutions.at\/#\/schema\/logo\/image\/\"}},{\"@type\":\"WebSite\",\"@id\":\"https:\/\/www.est-solutions.at\/#website\",\"url\":\"https:\/\/www.est-solutions.at\/\",\"name\":\"EST Solutions\",\"description\":\"We live Business!\",\"publisher\":{\"@id\":\"https:\/\/www.est-solutions.at\/#organization\"},\"potentialAction\":[{\"@type\":\"SearchAction\",\"target\":{\"@type\":\"EntryPoint\",\"urlTemplate\":\"https:\/\/www.est-solutions.at\/?s={search_term_string}\"},\"query-input\":\"required name=search_term_string\"}],\"inLanguage\":\"en-GB\"},{\"@type\":\"WebPage\",\"@id\":\"https:\/\/www.est-solutions.at\/en\/est-impressum\/\",\"url\":\"https:\/\/www.est-solutions.at\/en\/est-impressum\/\",\"name\":\"Impressum &ndash; EST Solutions\",\"isPartOf\":{\"@id\":\"https:\/\/www.est-solutions.at\/#website\"},\"datePublished\":\"2020-12-28T19:04:20+00:00\",\"dateModified\":\"2021-07-29T13:09:06+00:00\",\"breadcrumb\":{\"@id\":\"https:\/\/www.est-solutions.at\/en\/est-impressum\/#breadcrumb\"},\"inLanguage\":\"en-GB\",\"potentialAction\":[{\"@type\":\"ReadAction\",\"target\":[\"https:\/\/www.est-solutions.at\/en\/est-impressum\/\"]}]},{\"@type\":\"BreadcrumbList\",\"@id\":\"https:\/\/www.est-solutions.at\/en\/est-impressum\/#breadcrumb\",\"itemListElement\":[{\"@type\":\"ListItem\",\"position\":1,\"name\":\"Startseite\",\"item\":\"https:\/\/www.est-solutions.at\/\"},{\"@type\":\"ListItem\",\"position\":2,\"name\":\"Impressum\"}]}]}<\/script>\n<!-- \/ Yoast SEO plugin. -->","yoast_head_json":{"title":"Impressum &ndash; EST Solutions","robots":{"index":"index","follow":"follow","max-snippet":"max-snippet:-1","max-image-preview":"max-image-preview:large","max-video-preview":"max-video-preview:-1"},"canonical":"https:\/\/www.est-solutions.at\/en\/est-impressum\/","og_locale":"en_GB","og_type":"article","og_title":"Impressum &ndash; EST Solutions","og_description":"Impressum Impressum&nbsp; &nbsp; Informationspflicht laut \u00a75 E-Commerce Gesetz, \u00a714 Unternehmensgesetzbuch, \u00a763 Gewerbeordnung und Offenlegungspflicht laut \u00a725 Mediengesetz. EST Solutions GmbHAgnesgasse 17A&nbsp;1190 Wien\u00d6sterreich Unternehmensgegenstand: IT Dienstleistungen und individuelle Software L\u00f6sungenUID-Nummer: ATU67887469Firmenbuchnummer: FN 394876aFirmenbuchgericht: WienFirmensitz: 1190 Wien Tel.:&nbsp;+4369910293365E-Mail: office@est-solutions.at Mitglied bei: WKOBerufsrecht: Gewerbeordnung: www.ris.bka.gv.at Aufsichtsbeh\u00f6rde\/Gewerbebeh\u00f6rde: Bezirkshauptmannschaft WienBerufsbezeichnung: IT DienstleistungVerleihungsstaat: \u00d6sterreich Gesch\u00e4ftsf\u00fchrerEngelbert Stritzl Beteiligungsverh\u00e4ltnisseGesch\u00e4ftsf\u00fchrer Herr Stritzl Engelbert Privatperson &hellip; Impressum Read More \u00bb","og_url":"https:\/\/www.est-solutions.at\/en\/est-impressum\/","og_site_name":"EST Solutions","article_modified_time":"2021-07-29T13:09:06+00:00","twitter_card":"summary_large_image","twitter_misc":{"Estimated reading time":"2 minutes"},"schema":{"@context":"https:\/\/schema.org","@graph":[{"@type":"Organization","@id":"https:\/\/www.est-solutions.at\/#organization","name":"EST Solutions","url":"https:\/\/www.est-solutions.at\/","sameAs":[],"logo":{"@type":"ImageObject","inLanguage":"en-GB","@id":"https:\/\/www.est-solutions.at\/#\/schema\/logo\/image\/","url":"https:\/\/www.est-solutions.at\/wp-content\/uploads\/2021\/04\/EST_S_Logo-01.jpg","contentUrl":"https:\/\/www.est-solutions.at\/wp-content\/uploads\/2021\/04\/EST_S_Logo-01.jpg","width":500,"height":350,"caption":"EST Solutions"},"image":{"@id":"https:\/\/www.est-solutions.at\/#\/schema\/logo\/image\/"}},{"@type":"WebSite","@id":"https:\/\/www.est-solutions.at\/#website","url":"https:\/\/www.est-solutions.at\/","name":"EST Solutions","description":"We live Business!","publisher":{"@id":"https:\/\/www.est-solutions.at\/#organization"},"potentialAction":[{"@type":"SearchAction","target":{"@type":"EntryPoint","urlTemplate":"https:\/\/www.est-solutions.at\/?s={search_term_string}"},"query-input":"required name=search_term_string"}],"inLanguage":"en-GB"},{"@type":"WebPage","@id":"https:\/\/www.est-solutions.at\/en\/est-impressum\/","url":"https:\/\/www.est-solutions.at\/en\/est-impressum\/","name":"Impressum &ndash; EST Solutions","isPartOf":{"@id":"https:\/\/www.est-solutions.at\/#website"},"datePublished":"2020-12-28T19:04:20+00:00","dateModified":"2021-07-29T13:09:06+00:00","breadcrumb":{"@id":"https:\/\/www.est-solutions.at\/en\/est-impressum\/#breadcrumb"},"inLanguage":"en-GB","potentialAction":[{"@type":"ReadAction","target":["https:\/\/www.est-solutions.at\/en\/est-impressum\/"]}]},{"@type":"BreadcrumbList","@id":"https:\/\/www.est-solutions.at\/en\/est-impressum\/#breadcrumb","itemListElement":[{"@type":"ListItem","position":1,"name":"Startseite","item":"https:\/\/www.est-solutions.at\/"},{"@type":"ListItem","position":2,"name":"Impressum"}]}]}},"_links":{"self":[{"href":"https:\/\/www.est-solutions.at\/en\/wp-json\/wp\/v2\/pages\/1338"}],"collection":[{"href":"https:\/\/www.est-solutions.at\/en\/wp-json\/wp\/v2\/pages"}],"about":[{"href":"https:\/\/www.est-solutions.at\/en\/wp-json\/wp\/v2\/types\/page"}],"author":[{"embeddable":true,"href":"https:\/\/www.est-solutions.at\/en\/wp-json\/wp\/v2\/users\/3"}],"replies":[{"embeddable":true,"href":"https:\/\/www.est-solutions.at\/en\/wp-json\/wp\/v2\/comments?post=1338"}],"version-history":[{"count":32,"href":"https:\/\/www.est-solutions.at\/en\/wp-json\/wp\/v2\/pages\/1338\/revisions"}],"predecessor-version":[{"id":2715,"href":"https:\/\/www.est-solutions.at\/en\/wp-json\/wp\/v2\/pages\/1338\/revisions\/2715"}],"wp:attachment":[{"href":"https:\/\/www.est-solutions.at\/en\/wp-json\/wp\/v2\/media?parent=1338"}],"curies":[{"name":"wp","href":"https:\/\/api.w.org\/{rel}","templated":true}]}}